{"id":21136,"date":"2023-10-03T13:07:10","date_gmt":"2023-10-03T13:07:10","guid":{"rendered":"https:\/\/dance-style.es\/home\/?page_id=21136"},"modified":"2025-09-01T15:18:37","modified_gmt":"2025-09-01T13:18:37","slug":"home-dance-studio","status":"publish","type":"page","link":"https:\/\/dance-style.es\/home\/home-dance-studio\/","title":{"rendered":"Home Dance Studio 2"},"content":{"rendered":"<aside><\/aside>\n<h1\n\t\t\t>\u00danete al movimiento!<\/h1>\n<p>Especialistas en Danza urbana y Competici\u00f3n, nuestros alumnos tienen la oportunidad de crecer y mejorar continuamente gracias a los eventos y cursos intensivos que realizamos durante todo el a\u00f1o.<\/p>\n<p>Con un equipo de profesionales con una amplia trayectoria en el mundo del baile y el espect\u00e1culo, desarrollamos una forma de ense\u00f1anza multidisciplinar adaptada a todo tipo de p\u00fablico.<\/p>\n<p>Inscr\u00edbete ahora y lleva tus objetivos al siguiente nivel!<\/p>\n<p>\t\t<strong>Apertura:<\/strong> 25 de Agosto<strong>Comienzo de clases:<\/strong> 8 de Septiembre<strong>Pruebas de Competici\u00f3n:<\/strong> 14 de Septiembre\t\t<\/p>\n<h1\n\t\t\t>Temporada <br \/> 2025&nbsp;\/&nbsp;2026<br \/>\n<\/h1>\n<style type=\"text\/css\">.trx_addons_inline_2136934188{color:#030303 !important}<\/style>\n<p>\t\t\tNew Season<\/p>\n<h3>ALTA<\/h3>\n<h6>Nuevas inscripciones <\/h6>\n<p>A partir de40\u20ac<a href=\"https:\/\/www.dance-style.es\/altas\/\">Darme alta<\/a><!-- \/.sc_price_item_info --><!-- \/.sc_price_item_inner --><br \/>\n\t\t\tNew Season<\/p>\n<h3>RENOVACI\u00d3N<\/h3>\n<h6>Antiguos alumnos<\/h6>\n<p>A partir de35\u20ac<a href=\"https:\/\/www.dance-style.es\/altas\/\">Renovar<\/a><!-- \/.sc_price_item_info --><!-- \/.sc_price_item_inner --><br \/>\n\t\t\tNew Season<\/p>\n<h3>PRUEBA GRATUITA<\/h3>\n<h6>Reserva tus actividades<\/h6>\n<p>Tres clases a elegir0\u20ac<a href=\"https:\/\/www.dance-style.es\/prueba-gratis\/\">Registro<\/a><!-- \/.sc_price_item_info --><!-- \/.sc_price_item_inner --><!-- \/.sc_price --><br \/>\n\t\t\t<svg xmlns=\"http:\/\/www.w3.org\/2000\/svg\" width=\"12.098\" height=\"17.58\" viewBox=\"0 0 12.098 17.58\"><path d=\"M17.341,47.387l-5.232-5.232a.817.817,0,1,0-1.156,1.156l3.836,3.836H.817a.817.817,0,0,0,0,1.635H14.789l-3.836,3.836a.817.817,0,0,0,1.156,1.156l5.231-5.232A.817.817,0,0,0,17.341,47.387Z\" transform=\"translate(54.014) rotate(90)\"><\/path><\/svg>\t\t\t<\/p>\n<h1 data-item-number=\"1\" data-item-image=\"https:\/\/dance-style.es\/home\/wp-content\/uploads\/iStock-1560744142.jpg\" data-item-id=\"3155_wrap\" data-details=\"&lt;div class=&quot;post_details&quot;&gt;&lt;h2 class=&quot;post_title&quot;&gt;&lt;a href=&quot;https:\/\/dance-style.es\/home\/portfolio\/the-grace\/&quot;&gt;The grace&lt;\/a&gt;&lt;\/h2&gt;&lt;div class=&quot;post_description&quot;&gt;&lt;div class=&quot;post_description_content&quot;&gt;La gracia y la belleza en la danza son expresiones que van m\u00e1s all\u00e1 de los movimientos f\u00edsicos. Residen en la capacidad de moverse con fluidez y precisi\u00f3n, adem\u00e1s de la pasi\u00f3n y la creatividad que el bailar\u00edn infunde en cada paso. Todo ello hace que la danza sea una forma de arte atemporal y profundamente emotivo.&lt;\/div&gt;&lt;a href=&quot;https:\/\/dance-style.es\/home\/portfolio\/the-grace\/&quot; class=&quot;theme_button post_readmore&quot;&gt;&lt;span class=&quot;post_readmore_label&quot;&gt;Learn more&lt;\/span&gt;&lt;\/a&gt;&lt;\/div&gt;&lt;\/div&gt;\">The grace<\/h1>\n<p><!-- .entry-content --><!-- .sc_blogger_item_body --><!-- .sc_blogger_item --><\/p>\n<h1 data-item-number=\"2\" data-item-image=\"https:\/\/dance-style.es\/home\/wp-content\/uploads\/iStock-114430921-scaled-e1723825459587.jpg\" data-item-id=\"3152_wrap\" data-details=\"&lt;div class=&quot;post_details&quot;&gt;&lt;h2 class=&quot;post_title&quot;&gt;&lt;a href=&quot;https:\/\/dance-style.es\/home\/portfolio\/the-power\/&quot;&gt;The power&lt;\/a&gt;&lt;\/h2&gt;&lt;div class=&quot;post_description&quot;&gt;&lt;div class=&quot;post_description_content&quot;&gt;El poder en la danza radica en la capacidad para transformar emociones en movimiento.  La danza no solo es belleza, es tambi\u00e9n una demostraci\u00f3n de control, resistencia y el dominio del cuerpo en su m\u00e1xima expresi\u00f3n. A trav\u00e9s de ella, se revela la fuerza interna del bailar\u00edn, capaz de inspirar y conmover con cada gesto a la audiencia.&lt;\/div&gt;&lt;a href=&quot;https:\/\/dance-style.es\/home\/portfolio\/the-power\/&quot; class=&quot;theme_button post_readmore&quot;&gt;&lt;span class=&quot;post_readmore_label&quot;&gt;Learn more&lt;\/span&gt;&lt;\/a&gt;&lt;\/div&gt;&lt;\/div&gt;\">The power<\/h1>\n<p><!-- .entry-content --><!-- .sc_blogger_item_body --><!-- .sc_blogger_item --><\/p>\n<h1 data-item-number=\"3\" data-item-image=\"https:\/\/dance-style.es\/home\/wp-content\/uploads\/mimipic-photography-OU61y7RsmYc-unsplash-2-scaled.jpg\" data-item-id=\"3151_wrap\" data-details=\"&lt;div class=&quot;post_details&quot;&gt;&lt;h2 class=&quot;post_title&quot;&gt;&lt;a href=&quot;https:\/\/dance-style.es\/home\/portfolio\/the-mystery\/&quot;&gt;The mystery&lt;\/a&gt;&lt;\/h2&gt;&lt;div class=&quot;post_description&quot;&gt;&lt;div class=&quot;post_description_content&quot;&gt;\nEl misterio en la danza es un elemento que a\u00f1ade profundidad y fascinaci\u00f3n a la interpretaci\u00f3n.\nEste misterio se manifiesta en varios aspectos de la danza: movimientos inesperados, coreograf\u00eda ambigua , narrativa incompleta , expresi\u00f3n sutil...etc \nAl mismo tiempo, invita al bailar\u00edn a investigar con su cuerpo, en busca de nuevas sensaciones y movimientos.&lt;\/div&gt;&lt;a href=&quot;https:\/\/dance-style.es\/home\/portfolio\/the-mystery\/&quot; class=&quot;theme_button post_readmore&quot;&gt;&lt;span class=&quot;post_readmore_label&quot;&gt;Learn more&lt;\/span&gt;&lt;\/a&gt;&lt;\/div&gt;&lt;\/div&gt;\">The mystery<\/h1>\n<p><!-- .entry-content --><!-- .sc_blogger_item_body --><!-- .sc_blogger_item --><\/p>\n<h1 data-item-number=\"4\" data-item-image=\"https:\/\/dance-style.es\/home\/wp-content\/uploads\/iStock-2024823204.jpg\" data-item-id=\"3138_wrap\" data-details=\"&lt;div class=&quot;post_details&quot;&gt;&lt;h2 class=&quot;post_title&quot;&gt;&lt;a href=&quot;https:\/\/dance-style.es\/home\/portfolio\/the-passion\/&quot;&gt;The passion&lt;\/a&gt;&lt;\/h2&gt;&lt;div class=&quot;post_description&quot;&gt;&lt;div class=&quot;post_description_content&quot;&gt;La pasi\u00f3n es el motor que impulsa a los bailarines a trascender la mera t\u00e9cnica y convertir el movimiento en una expresi\u00f3n profunda y conmovedora. Es la fuerza que transforma cada paso en una declaraci\u00f3n emocional, permitiendo que el bailar\u00edn comunique m\u00e1s all\u00e1 de las palabras.&lt;\/div&gt;&lt;a href=&quot;https:\/\/dance-style.es\/home\/portfolio\/the-passion\/&quot; class=&quot;theme_button post_readmore&quot;&gt;&lt;span class=&quot;post_readmore_label&quot;&gt;Learn more&lt;\/span&gt;&lt;\/a&gt;&lt;\/div&gt;&lt;\/div&gt;\">The passion<\/h1>\n<p><!-- .entry-content --><!-- .sc_blogger_item_body --><!-- .sc_blogger_item --><\/p>\n<h1 data-item-number=\"5\" data-item-image=\"https:\/\/dance-style.es\/home\/wp-content\/uploads\/iStock-1500602408-2.jpg\" data-item-id=\"3137_wrap\" data-details=\"&lt;div class=&quot;post_details&quot;&gt;&lt;h2 class=&quot;post_title&quot;&gt;&lt;a href=&quot;https:\/\/dance-style.es\/home\/portfolio\/the-performance\/&quot;&gt;The performance&lt;\/a&gt;&lt;\/h2&gt;&lt;div class=&quot;post_description&quot;&gt;&lt;div class=&quot;post_description_content&quot;&gt;La actuaci\u00f3n es la manifestaci\u00f3n m\u00e1s completa de la expresi\u00f3n art\u00edstica a trav\u00e9s del movimiento. Se refiere no solo a la ejecuci\u00f3n t\u00e9cnica de los pasos de baile, sino tambi\u00e9n a la interpretaci\u00f3n emocional, la conexi\u00f3n con el p\u00fablico y la capacidad de contar una historia o transmitir un mensaje a trav\u00e9s de la danza.\nUna buena performance combina varios elementos clave: t\u00e9cnica, expresi\u00f3n, presencia esc\u00e9nica,narrativa, creatividad, conexi\u00f3n con la m\u00fasica...entre otros.&lt;\/div&gt;&lt;a href=&quot;https:\/\/dance-style.es\/home\/portfolio\/the-performance\/&quot; class=&quot;theme_button post_readmore&quot;&gt;&lt;span class=&quot;post_readmore_label&quot;&gt;Learn more&lt;\/span&gt;&lt;\/a&gt;&lt;\/div&gt;&lt;\/div&gt;\">The performance<\/h1>\n<p><!-- .entry-content --><!-- .sc_blogger_item_body --><!-- .sc_blogger_item --><\/p>\n<h1 data-item-number=\"6\" data-item-image=\"https:\/\/dance-style.es\/home\/wp-content\/uploads\/iStock-941807046-2.jpg\" data-item-id=\"3136_wrap\" data-details=\"&lt;div class=&quot;post_details&quot;&gt;&lt;h2 class=&quot;post_title&quot;&gt;&lt;a href=&quot;https:\/\/dance-style.es\/home\/portfolio\/the-intrigue\/&quot;&gt;The creativity&lt;\/a&gt;&lt;\/h2&gt;&lt;div class=&quot;post_description&quot;&gt;&lt;div class=&quot;portfolio_page_details&quot;&gt;&lt;span class=&quot;portfolio_page_details_item&quot;&gt;&lt;span class=&quot;portfolio_page_details_item_title&quot;&gt;Client&lt;\/span&gt;&lt;span class=&quot;portfolio_page_details_item_value&quot;&gt;New Magazine&lt;\/span&gt;&lt;\/span&gt;&lt;span class=&quot;portfolio_page_details_item&quot;&gt;&lt;span class=&quot;portfolio_page_details_item_title&quot;&gt;Date&lt;\/span&gt;&lt;span class=&quot;portfolio_page_details_item_value&quot;&gt;March, 2019&lt;\/span&gt;&lt;\/span&gt;&lt;span class=&quot;portfolio_page_details_item&quot;&gt;&lt;span class=&quot;portfolio_page_details_item_title&quot;&gt;Author&lt;\/span&gt;&lt;span class=&quot;portfolio_page_details_item_value&quot;&gt;Jim Carter&lt;\/span&gt;&lt;\/span&gt;&lt;span class=&quot;portfolio_page_details_item portfolio_page_details_share&quot;&gt;&lt;span class=&quot;portfolio_page_details_item_title&quot;&gt;Share&lt;\/span&gt;&lt;span class=&quot;portfolio_page_details_item_value&quot;&gt;&lt;div class=&quot;socials_share socials_size_tiny socials_type_list socials_dir_horizontal socials_wrap&quot;&gt;&lt;span class=&quot;social_items&quot;&gt;&lt;a class=&quot;social_item social_item_popup&quot; href=&quot;\/\/twitter.com\/intent\/tweet?text=The+creativity&#038;url=https%3A%2F%2Fdance-style.es%2Fhome%2Fportfolio%2Fthe-intrigue%2F&quot; data-link=&quot;\/\/twitter.com\/intent\/tweet?text=The creativity&amp;url=https%3A%2F%2Fdance-style.es%2Fhome%2Fportfolio%2Fthe-intrigue%2F&quot; data-count=&quot;twitter-new&quot;&gt;&lt;span class=&quot;social_icon social_icon_twitter-new sc_icon_type_icons&quot; style=&quot;&quot;&gt;&lt;span class=&quot;icon-twitter-new&quot;&gt;&lt;\/span&gt;&lt;\/span&gt;&lt;\/a&gt;&lt;a class=&quot;social_item social_item_popup&quot; href=&quot;\/\/www.facebook.com\/sharer\/sharer.php?u=https%3A%2F%2Fdance-style.es%2Fhome%2Fportfolio%2Fthe-intrigue%2F&quot; data-link=&quot;\/\/www.facebook.com\/sharer\/sharer.php?u=https%3A%2F%2Fdance-style.es%2Fhome%2Fportfolio%2Fthe-intrigue%2F&quot; data-count=&quot;facebook-1&quot;&gt;&lt;span class=&quot;social_icon social_icon_facebook-1 sc_icon_type_icons&quot; style=&quot;&quot;&gt;&lt;span class=&quot;icon-facebook-1&quot;&gt;&lt;\/span&gt;&lt;\/span&gt;&lt;\/a&gt;&lt;a class=&quot;social_item&quot; href=&quot;mailto:test@fwe.com?subject=The%20creativity&#038;body=https%3A%2F%2Fdance-style.es%2Fhome%2Fportfolio%2Fthe-intrigue%2F&quot; target=&quot;_blank&quot; data-count=&quot;share-email&quot;&gt;&lt;span class=&quot;social_icon social_icon_share-email sc_icon_type_icons&quot; style=&quot;&quot;&gt;&lt;span class=&quot;icon-share-email&quot;&gt;&lt;\/span&gt;&lt;\/span&gt;&lt;\/a&gt;&lt;a class=&quot;social_item&quot; title=&quot;Copy URL to clipboard&quot; data-message=&quot;Copied!&quot; data-copy-link-url=&quot;https:\/\/dance-style.es\/home\/portfolio\/the-intrigue\/&quot; nopopup=&quot;true&quot; href=&quot;#&quot; target=&quot;_blank&quot; data-count=&quot;link&quot;&gt;&lt;span class=&quot;social_icon social_icon_link sc_icon_type_icons&quot; style=&quot;&quot;&gt;&lt;span class=&quot;icon-link&quot;&gt;&lt;\/span&gt;&lt;\/span&gt;&lt;\/a&gt;&lt;\/span&gt;&lt;\/div&gt;&lt;\/span&gt;&lt;\/span&gt;&lt;\/div&gt;&lt;div class=&quot;post_description_content&quot;&gt;La creatividad en el baile es el elemento que impulsa la innovaci\u00f3n y la originalidad en el mundo de la danza. Es la capacidad de un bailar\u00edn o core\u00f3grafo para transformar movimientos tradicionales o inventar nuevos, d\u00e1ndoles un enfoque \u00fanico que refleja su visi\u00f3n art\u00edstica.&lt;\/div&gt;&lt;a href=&quot;https:\/\/dance-style.es\/home\/portfolio\/the-intrigue\/&quot; class=&quot;theme_button post_readmore&quot;&gt;&lt;span class=&quot;post_readmore_label&quot;&gt;Learn more&lt;\/span&gt;&lt;\/a&gt;&lt;\/div&gt;&lt;\/div&gt;\">The creativity<\/h1>\n<p><!-- .entry-content --><!-- .sc_blogger_item_body --><!-- .sc_blogger_item --><\/p>\n<h1 data-item-number=\"7\" data-item-image=\"https:\/\/dance-style.es\/home\/wp-content\/uploads\/portf37-copyright-transformed.jpeg\" data-item-id=\"3135_wrap\" data-details=\"&lt;div class=&quot;post_details&quot;&gt;&lt;h2 class=&quot;post_title&quot;&gt;&lt;a href=&quot;https:\/\/dance-style.es\/home\/portfolio\/the-vision\/&quot;&gt;The vision&lt;\/a&gt;&lt;\/h2&gt;&lt;div class=&quot;post_description&quot;&gt;&lt;div class=&quot;post_description_content&quot;&gt;La visi\u00f3n en la danza es la capacidad de un bailar\u00edn o core\u00f3grafo para imaginar y proyectar una idea, concepto o emoci\u00f3n a trav\u00e9s del movimiento. Es la gu\u00eda que dirige cada aspecto de la creaci\u00f3n y ejecuci\u00f3n de una pieza, desde la elecci\u00f3n de los movimientos hasta la atm\u00f3sfera general que se quiere transmitir. La visi\u00f3n es lo que da cohesi\u00f3n y prop\u00f3sito a la danza, convirti\u00e9ndola en una forma de arte que comunica m\u00e1s all\u00e1 de lo f\u00edsico.&lt;\/div&gt;&lt;a href=&quot;https:\/\/dance-style.es\/home\/portfolio\/the-vision\/&quot; class=&quot;theme_button post_readmore&quot;&gt;&lt;span class=&quot;post_readmore_label&quot;&gt;Learn more&lt;\/span&gt;&lt;\/a&gt;&lt;\/div&gt;&lt;\/div&gt;\">The vision<\/h1>\n<p><!-- .entry-content --><!-- .sc_blogger_item_body --><!-- .sc_blogger_item --><!-- \/.sc_blogger -->\t\t\t\t<\/p>\n<h1\n\t\t\t>ESTILOS<\/h1>\n<p>Aprende m\u00e1s sobre nuestras actividades y encuentra tu ritmo favorito<\/p>\n<style type=\"text\/css\">.trx_addons_inline_1788562270{color:#FFFFFF !important}.trx_addons_inline_244677735{color: #FFFDFD;}<\/style>\n<h6>Choreography<\/h6>\n<h6>Breakdance<\/h6>\n<h6>Contempor\u00e1neo<\/h6>\n<h6>HipHop<\/h6>\n<h6>Commercial Dance<\/h6>\n<h6>Dancehall<\/h6>\n<h6>Competici\u00f3n<\/h6>\n<h6>Poppin<\/h6>\n<h6>Kpop<\/h6>\n<h6>Experimental Freestyle<\/h6>\n<h6>Formaci\u00f3n<\/h6>\n<h6>Afrodance<\/h6>\n<h6>Flamenco<\/h6>\n<h6>House Dance<\/h6>\n<h6>HipHop New Jack Swing<\/h6>\n<h6>Bailes Latinos<\/h6>\n<h6>Sexy Style<\/h6>\n<h6>Heels<\/h6>\n<h6>Danza Cl\u00e1sica<\/h6>\n<p>                <a href=\"#\"><\/a><a href=\"#\"><\/a><br \/>\n\t\t\t\t\t<a href=\"https:\/\/www.dance-style.es\/clases\/\"><br \/>\n\t\t\t\t\t\t\t\t\tSaber m\u00e1s<br \/>\n\t\t\t\t\t<\/a><\/p>\n<h1\n\t\t\t>TOP FEATURES<br \/>\n<\/h1>\n<p>\t\t\t\t\t<a href=\"https:\/\/dance-style.es\/home\/our-services\/\" >More Services<\/a><br \/>\n\t<img fetchpriority=\"high\" width=\"650\" height=\"572\" src=\"https:\/\/dance-style.es\/home\/wp-content\/uploads\/entrada-650x572.jpg\" alt=\"Entrada\" decoding=\"async\" \/><br \/>\n\t\t\t\t\t\t<a href=\"https:\/\/dance-style.es\/home\/portfolio-overlay-bordered\/\"><\/a>\t\t\t<a href=\"https:\/\/dance-style.es\/home\/portfolio-overlay-bordered\/\"  aria-hidden=\"true\"><\/a><\/p>\n<h4>                        <a href=\"https:\/\/dance-style.es\/home\/portfolio-overlay-bordered\/\">01.Instalaciones<\/a><\/h4>\n<p>                    <a href=\"https:\/\/dance-style.es\/home\/portfolio-overlay-bordered\/\"><br \/>\n                        More<br \/>\n                    <\/a><br \/>\n\t<img width=\"650\" height=\"572\" src=\"https:\/\/dance-style.es\/home\/wp-content\/uploads\/competiciones-4-650x572.jpg\" alt=\"\" decoding=\"async\" \/><br \/>\n\t\t\t\t\t\t<a href=\"https:\/\/dance-style.es\/home\/competiciones\/\"><\/a>\t\t\t<a href=\"https:\/\/dance-style.es\/home\/competiciones\/\"  aria-hidden=\"true\"><\/a><\/p>\n<h4>                        <a href=\"https:\/\/dance-style.es\/home\/competiciones\/\">02.Competiciones<\/a><\/h4>\n<p>                    <a href=\"https:\/\/dance-style.es\/home\/competiciones\/\"><br \/>\n                        More<br \/>\n                    <\/a><br \/>\n\t<img width=\"650\" height=\"572\" src=\"https:\/\/dance-style.es\/home\/wp-content\/uploads\/Beca6-650x572.jpg\" alt=\"\" decoding=\"async\" \/><br \/>\n\t\t\t\t\t\t<a href=\"https:\/\/dance-style.es\/home\/becas\/\"><\/a>\t\t\t<a href=\"https:\/\/dance-style.es\/home\/becas\/\"  aria-hidden=\"true\"><\/a><\/p>\n<h4>                        <a href=\"https:\/\/dance-style.es\/home\/becas\/\">03.Becas<\/a><\/h4>\n<p>                    <a href=\"https:\/\/dance-style.es\/home\/becas\/\"><br \/>\n                        More<br \/>\n                    <\/a><\/p>\n<h1\n\t\t\t>AGENDA<\/h1>\n<p>Mantente al d\u00eda con nuestro calendario! No te pierdas todas las actividades y eventos de la temporada<\/p>\n<p>\t\t\t\t\t<a href=\"https:\/\/dance-style.es\/home\/events\/month\/\" >M\u00e1s actividades<\/a><\/p>\n","protected":false},"excerpt":{"rendered":"<p>\u00danete al movimiento! Especialistas en Danza urbana y Competici\u00f3n, nuestros alumnos tienen la oportunidad de crecer y mejorar continuamente gracias a los eventos y cursos intensivos que realizamos durante todo&hellip;<\/p>\n","protected":false},"author":1,"featured_media":0,"parent":0,"menu_order":3,"comment_status":"closed","ping_status":"closed","template":"","meta":{"_monsterinsights_skip_tracking":false,"_monsterinsights_sitenote_active":false,"_monsterinsights_sitenote_note":"","_monsterinsights_sitenote_category":0,"footnotes":""},"class_list":["post-21136","page","type-page","status-publish","hentry"],"aioseo_notices":[],"_links":{"self":[{"href":"https:\/\/dance-style.es\/home\/wp-json\/wp\/v2\/pages\/21136","targetHints":{"allow":["GET"]}}],"collection":[{"href":"https:\/\/dance-style.es\/home\/wp-json\/wp\/v2\/pages"}],"about":[{"href":"https:\/\/dance-style.es\/home\/wp-json\/wp\/v2\/types\/page"}],"author":[{"embeddable":true,"href":"https:\/\/dance-style.es\/home\/wp-json\/wp\/v2\/users\/1"}],"replies":[{"embeddable":true,"href":"https:\/\/dance-style.es\/home\/wp-json\/wp\/v2\/comments?post=21136"}],"version-history":[{"count":449,"href":"https:\/\/dance-style.es\/home\/wp-json\/wp\/v2\/pages\/21136\/revisions"}],"predecessor-version":[{"id":47234,"href":"https:\/\/dance-style.es\/home\/wp-json\/wp\/v2\/pages\/21136\/revisions\/47234"}],"wp:attachment":[{"href":"https:\/\/dance-style.es\/home\/wp-json\/wp\/v2\/media?parent=21136"}],"curies":[{"name":"wp","href":"https:\/\/api.w.org\/{rel}","templated":true}]}}